{"id":3150,"date":"2021-12-07T13:17:23","date_gmt":"2021-12-07T13:17:23","guid":{"rendered":"https:\/\/quantumintermed.com\/declaratie-de-confidentialitate-ue\/"},"modified":"2021-12-09T10:16:48","modified_gmt":"2021-12-09T10:16:48","slug":"declaratie-de-confidentialitate-ue","status":"publish","type":"page","link":"https:\/\/quantumintermed.com\/en\/declaratie-de-confidentialitate-ue\/","title":{"rendered":"Declara\u021bie de Confiden\u021bialitate (UE)"},"content":{"rendered":"<!-- Legal document generated by Complianz | GDPR\/CCPA Cookie Consent https:\/\/wordpress.org\/plugins\/complianz-gdpr -->\n<div id=\"cmplz-document\" class=\"cmplz-document privacy-statement cmplz-document-eu\"><p><i>This privacy statement was last updated on December 9, 2021 and applies to citizens and legal permanent residents of the European Economic Area and Switzerland.<\/i><br \/><br \/><\/p><p><p>In this privacy statement, we explain what we do with the data we obtain about you via <a href=\"https:\/\/quantumintermed.com\/en\">https:\/\/quantumintermed.com\/en<\/a>. We recommend you carefully read this statement. In our processing we comply with the requirements of privacy legislation. That means, among other things, that:<\/p><ul>\n                <li>we clearly state the purposes for which we process personal data. We do this by means of this privacy statement;<\/li>\n                <li>we aim to limit our collection of personal data to only the personal data required for legitimate purposes;<\/li>\n                <li>we first request your explicit consent to process your personal data in cases requiring your consent;<\/li>\n                <li>we take appropriate security measures to protect your personal data and also require this from parties that process personal data on our behalf;<\/li>\n                <li>we respect your right to access your personal data or have it corrected or deleted, at your request.<\/li>\n            <\/ul><p>If you have any questions, or want to know exactly what data we keep of you, please contact us.<\/p><\/p><h2>1. Purpose, data and retention period<\/h2>We may collect or receive personal information for a number of purposes connected with our business operations which may include the following: (click to expand)<details class=\"cmplz-dropdown dropdown-privacy-statement\"><summary><div><h3>1.1 Contact - Through phone, mail, email and\/or webforms<\/h3><\/div><\/summary><p class=\"cmplz-subtitle\">For this purpose we use the following data:<\/p><p><ul><li>A first and last name<\/li><li>A home or other physical address, including street name and name of a city or town<\/li><li>An email address<\/li><li>IP Address<\/li><li>A telephone number<\/li><\/ul><\/p><p class=\"cmplz-subtitle\">The basis on which we may process these data is:<\/p><p><a target=\"_blank\" rel=\"noopener noreferrer nofollow\" href=\"https:\/\/cookiedatabase.org\/legal-bases\/#consent\">Upon the provision of consent.<\/a><\/p><p class=\"cmplz-subtitle\">Retention period<\/p><p>Upon termination of the service we retain this data for the following period: 10 ani.<\/p><\/details><details class=\"cmplz-dropdown dropdown-privacy-statement\"><summary><div><h3>1.2 Registering an account<\/h3><\/div><\/summary><p class=\"cmplz-subtitle\">For this purpose we use the following data:<\/p><p><ul><li>A first and last name<\/li><li>A home or other physical address, including street name and name of a city or town<\/li><li>An email address<\/li><li>Account name or alias<\/li><li>IP Address<\/li><li>A telephone number<\/li><\/ul><\/p><p class=\"cmplz-subtitle\">The basis on which we may process these data is:<\/p><p><a target=\"_blank\" rel=\"noopener noreferrer nofollow\" href=\"https:\/\/cookiedatabase.org\/legal-bases\/#consent\">Upon the provision of consent.<\/a><\/p><p class=\"cmplz-subtitle\">Retention period<\/p><p>Upon termination of the service we retain this data for the following period: 10 ani.<\/p><\/details><details class=\"cmplz-dropdown dropdown-privacy-statement\"><summary><div><h3>1.3 Newsletters<\/h3><\/div><\/summary><p class=\"cmplz-subtitle\">For this purpose we use the following data:<\/p><p><ul><li>A first and last name<\/li><li>A home or other physical address, including street name and name of a city or town<\/li><li>An email address<\/li><li>Date of birth<\/li><li>Account name or alias<\/li><li>IP Address<\/li><li>A telephone number<\/li><\/ul><\/p><p class=\"cmplz-subtitle\">The basis on which we may process these data is:<\/p><p><a target=\"_blank\" rel=\"noopener noreferrer nofollow\" href=\"https:\/\/cookiedatabase.org\/legal-bases\/#agreement\">It is necessary for the execution of a contract or preliminary procedures related to a contract to which the data subject is a party. <\/a><\/p><p class=\"cmplz-subtitle\">Retention period<\/p><p>Upon termination of the service we retain this data for the following period: 20 de ani.<\/p><\/details><details class=\"cmplz-dropdown dropdown-privacy-statement\"><summary><div><h3>1.4 Deliveries<\/h3><\/div><\/summary><p class=\"cmplz-subtitle\">For this purpose we use the following data:<\/p><p><ul><li>A first and last name<\/li><li>A home or other physical address, including street name and name of a city or town<\/li><li>An email address<\/li><li>IP Address<\/li><li>Geolocation data<\/li><li>A telephone number<\/li><\/ul><\/p><p class=\"cmplz-subtitle\">The basis on which we may process these data is:<\/p><p><a target=\"_blank\" rel=\"noopener noreferrer nofollow\" href=\"https:\/\/cookiedatabase.org\/legal-bases\/#agreement\">It is necessary for the execution of a contract or preliminary procedures related to a contract to which the data subject is a party. <\/a><\/p><p class=\"cmplz-subtitle\">Retention period<\/p><p>Upon termination of the service we retain this data for the following period: 10 ani.<\/p><\/details><h2>2. Cookies<\/h2><p>Our website uses cookies. For more information about cookies, please refer to our <a href=\"https:\/\/quantumintermed.com\/en\/politica-privind-cookie-urile-ue\/\">Cookie Policy<\/a>.&nbsp;<\/p><h2>3. Disclosure practices<\/h2><p><p>We disclose personal information if we are required by law or by a court order, in response to a law enforcement agency, to the extent permitted under other provisions of law, to provide information, or for an investigation on a matter related to public safety.<\/p><p>If our website or organisation is taken over, sold, or involved in a merger or acquisition, your details may be disclosed to our advisers and any prospective purchasers and will be passed on to the new owners.<\/p><\/p><h2>4. Security<\/h2><p>We are committed to the security of personal data. We take appropriate security measures to limit abuse of and unauthorized access to personal data. This ensures that only the necessary persons have access to your data, that access to the data is protected, and that our security measures are regularly reviewed.<\/p><h2>5. Third-party websites<\/h2><p>This privacy statement does not apply to third-party websites connected by links on our website. We cannot guarantee that these third parties handle your personal data in a reliable or secure manner. We recommend you read the privacy statements of these websites prior to making use of these websites.<\/p><h2>6. Amendments to this privacy statement<\/h2><p>We reserve the right to make amendments to this privacy statement. It is recommended that you consult this privacy statement regularly in order to be aware of any changes. In addition, we will actively inform you wherever possible.<\/p><h2>7. Accessing and modifying your data<\/h2><p>If you have any questions or want to know which personal data we have about you, please contact us. You can contact us by using the information below. You have the following rights:<\/p><ul>\n                <li>You have the right to know why your personal data is needed, what will happen to it, and how long it will be retained for.<\/li>\n                <li>Right of access: You have the right to access your personal data that is known to us.<\/li>\n                <li>Right to rectification: you have the right to supplement, correct, have deleted or blocked your personal data whenever you wish.<\/li>\n                <li>If you give us your consent to process your data, you have the right to revoke that consent and to have your personal data deleted.<\/li>\n                <li>Right to transfer your data: you have the right to request all your personal data from the controller and transfer it in its entirety to another controller.<\/li>\n                <li>Right to object: you may object to the processing of your data. We comply with this, unless there are justified grounds for processing.<\/li>\n            <\/ul><p>Please make sure to always clearly state who you are, so that we can be certain that we do not modify or delete any data of the wrong person.<\/p><h2>8. Submitting a complaint<\/h2><p>If you are not satisfied with the way in which we handle (a complaint about) the processing of your personal data, you have the right to submit a complaint to the Data Protection Authority.<\/p><h2>9. Contact details<\/h2><p>QUANTUM INTERMED EOOD<br \/>\n        Steet Stefan Karadja, No.10, Ruse, Bulgaria<br \/>\n        Romania<br \/>\n        Website: <a href=\"https:\/\/quantumintermed.com\/en\">https:\/\/quantumintermed.com\/en<\/a> <br \/>\n        Email: &#111;&#102;fi&#099;e&#064;&#113;uant&#117;&#109;&#105;&#110;&#116;&#101;r&#109;&#101;&#100;&#046;c&#111;m <br \/>\n        Phone number: +40 726 297 259<\/p><h2>Annex<\/h2><p><h3>WooCommerce<\/h3>\r\n<div class=\"wp-suggested-text\">\r\n<p class=\"privacy-policy-tutorial\">Aceast\u0103 manier\u0103 de exprimare include elementele de baz\u0103 privind ce date personale poate colecta, stoca \u0219i partaja magazinul t\u0103u, precum \u0219i cine poate avea acces la aceste date. Informa\u021biile specifice care sunt afi\u0219ate \u00een magazinul t\u0103u vor varia \u00een func\u021bie de ce set\u0103ri sunt activate \u0219i ce module suplimentare sunt folosite. Recomand\u0103m s\u0103 consul\u021bi un avocat c\u00e2nd decizi ce informa\u021bii divulgi \u00een politica ta de confiden\u021bialitate.<\/p>\r\nColect\u0103m informa\u021bii despre tine \u00een timpul procesului de finalizare a comenzii \u00een magazinul nostru.\r\n<h2>Ce colect\u0103m \u0219i stoc\u0103m<\/h2>\r\n\u00cen timp ce ne vizitezi site-ul, vom urm\u0103ri:\r\n<ul>\r\n \t<li>Produse pe care le-ai v\u0103zut: vom folosi asta pentru a-\u021bi ar\u0103ta, de exemplu, produsele pe care le-ai vizualizat recent<\/li>\r\n \t<li>Loca\u021bie, adres\u0103 IP \u0219i tip de navigator: le vom folosi \u00een diverse scopuri, cum ar fi estimarea impozitelor (taxelor) \u0219i pentru livrare<\/li>\r\n \t<li>Adres\u0103 de livrare: \u00ee\u021bi vom cere s-o introduci, astfel putem estima, de exemplu, unde trebuie f\u0103cut\u0103 livrarea \u00eenainte s\u0103 plasezi o comand\u0103 \u0219i unde s\u0103 \u021bi-o trimitem!<\/li>\r\n<\/ul>\r\nDe asemenea, vom folosi cookie-uri pentru a-\u021bi urm\u0103ri con\u021binutul co\u0219ului \u00een timp ce navighezi pe site-ul nostru.\r\n<p class=\"privacy-policy-tutorial\">Not\u0103: poate vrei s\u0103 dai mai multe detalii despre politica folosirii cookie-urilor \u0219i s\u0103 ar\u0103\u021bi aici o leg\u0103tur\u0103 la sec\u021biunea respectiv\u0103.<\/p>\r\nC\u00e2nd cumperi de la noi, \u00ee\u021bi vom cere s\u0103 furnizezi informa\u021bii, inclusiv numele, adresa de facturare, adresa de livrare, adresa de email, num\u0103rul de telefon, cardul de credit\/detalii de plat\u0103 \u0219i informa\u021bii op\u021bionale despre cont, cum ar fi numele de utilizator \u0219i parola. Vom folosi aceste informa\u021bii \u00een mai multe scopuri, cum ar fi:\r\n<ul>\r\n \t<li>\u00ce\u021bi trimitem informa\u021bii despre contul t\u0103u \u0219i comanda ta<\/li>\r\n \t<li>\u00ce\u021bi r\u0103spundem la cereri, inclusiv la ramburs\u0103ri \u0219i reclama\u021bii<\/li>\r\n \t<li>Proces\u0103m pl\u0103\u021bile \u0219i prevenim fraudele<\/li>\r\n \t<li>\u00ce\u021bi ini\u021bializ\u0103m contul pentru magazinul nostru<\/li>\r\n \t<li>Respect\u0103m toate obliga\u021biile legale pe care le avem, cum ar fi calcularea impozitelor (taxelor)<\/li>\r\n \t<li>\u00cembun\u0103t\u0103\u021bim ofertele noastre pentru magazin<\/li>\r\n \t<li>\u00ce\u021bi trimitem mesaje de marketing, dac\u0103 alegi s\u0103 le prime\u0219ti<\/li>\r\n<\/ul>\r\nDac\u0103 creezi un cont, \u00ee\u021bi vom stoca numele, adresa, emailul \u0219i num\u0103rul de telefon, care vor fi folosite la finalizarea unor comenzi viitoare.\r\n\r\n\u00cen general, stoc\u0103m informa\u021bii despre tine at\u00e2t timp c\u00e2t avem nevoie de ele \u00een scopurile pentru care le colect\u0103m \u0219i le folosim, dar nu le mai p\u0103str\u0103m \u00een continuare dac\u0103 nu suntem obliga\u021bi din punct de vedere legal. De exemplu, vom stoca informa\u021biile despre comenzi timp de XX ani, \u00een scopuri fiscale \u0219i contabile. Ele includ numele, adresa de email \u0219i adresele de facturare \u0219i de livrare.\r\n\r\nDe asemenea, vom stoca comentarii sau recenzii, dac\u0103 alegi s\u0103 le la\u0219i.\r\n<h2>Cine are acces din echipa noastr\u0103<\/h2>\r\nMembrii echipei noastre au acces la informa\u021biile pe care ni le oferi. De exemplu, at\u00e2t administratorii c\u00e2t \u0219i managerii de magazine pot accesa:\r\n<ul>\r\n \t<li>Informa\u021bii despre comenzi, precum ce s-a cump\u0103rat, c\u00e2nd s-a cump\u0103rat \u0219i unde au fost trimise cump\u0103r\u0103turile \u0219i<\/li>\r\n \t<li>Informa\u021bii despre clien\u021bi, cum ar fi nume, adres\u0103 email \u0219i informa\u021bii despre facturare \u0219i livrare.<\/li>\r\n<\/ul>\r\nMembrii echipei noastre au acces la aceste informa\u021bii pentru a te ajuta s\u0103 onorezi comenzile, s\u0103 procesezi ramburs\u0103rile \u0219i pentru a-\u021bi oferi suport.\r\n<h2>Ce partaj\u0103m cu al\u021bii<\/h2>\r\n<p class=\"privacy-policy-tutorial\">\u00cen aceast\u0103 sec\u021biune ar trebui s\u0103 men\u021bionezi cu cine partajezi datele \u0219i \u00een ce scop. Aici po\u021bi include, dar nu se limiteaz\u0103 numai la acestea, analitice, marketing, gateway-urile de plat\u0103, furnizori pentru livrare \u0219i \u00eenglob\u0103ri de la ter\u021bi.<\/p>\r\nPartaj\u0103m informa\u021bii cu p\u0103r\u021bi ter\u021be care ne ajut\u0103 s\u0103 asigur\u0103m comenzile \u0219i s\u0103-\u021bi stoc\u0103m serviciile; de exemplu -\r\n<h3>Pl\u0103\u021bi<\/h3>\r\n<p class=\"privacy-policy-tutorial\">\u00cen aceast\u0103 sec\u021biune ar trebui s\u0103 afi\u0219ezi ce procesoare de plat\u0103 ter\u021be folose\u0219ti pentru a accepta pl\u0103\u021bi \u00een magazinul t\u0103u, deoarece ele pot gestiona datele clien\u021bilor. Am inclus PayPal, ca exemplu, dar ar trebui s\u0103-l \u00eenl\u0103turi dac\u0103 nu-l folose\u0219ti \u0219i s\u0103 adaugi altele.<\/p>\r\nAccept\u0103m pl\u0103\u021bi prin PayPal. C\u00e2nd proces\u0103m pl\u0103\u021bile, unele dintre datele tale vor fi transmise la PayPal, inclusiv informa\u021biile cerute pentru a procesa sau accepta plata, cum ar fi informa\u021bii despre toate cump\u0103r\u0103turile \u0219i total facturare.\r\n\r\nTe rog vezi <a href=\"https:\/\/www.paypal.com\/us\/webapps\/mpp\/ua\/privacy-full\">Politica de confiden\u021bialitate PayPal<\/a> pentru mai multe detalii.\r\n\r\n<\/div>\r\n<h3>Complianz | The Privacy Suite for WordPress<\/h3>\r\nAcest sit folose\u0219te Privacy Suite pentru WordPress, de la Complianz, pentru a colecta dovezi ale consim\u021b\u0103m\u00e2ntului.\u00a0Pentru aceast\u0103 func\u021bionalitate adresa ta IP este anonimizat\u0103 \u0219i stocat\u0103 \u00een baza noastr\u0103 de date.\u00a0Pentru mai multe informa\u021bii, consult\u0103 <a href=\"https:\/\/complianz.io\/privacy-statement\/\" target=\"_blank\" rel=\"noopener\">Declara\u021bia de confiden\u021bialitate<\/a> Complianz.<\/p><\/div>","protected":false},"excerpt":{"rendered":"","protected":false},"author":1,"featured_media":0,"parent":0,"menu_order":0,"comment_status":"closed","ping_status":"closed","template":"","meta":{"footnotes":""},"class_list":["post-3150","page","type-page","status-publish","hentry"],"yoast_head":"<!-- This site is optimized with the Yoast SEO Premium plugin v22.5 (Yoast SEO v22.5) - https:\/\/yoast.com\/wordpress\/plugins\/seo\/ -->\n<title>Declara\u021bie de Confiden\u021bialitate (UE) - Quantum Intermed<\/title>\n<meta name=\"robots\" content=\"index, follow, max-snippet:-1, max-image-preview:large, max-video-preview:-1\" \/>\n<link rel=\"canonical\" href=\"https:\/\/quantumintermed.com\/en\/declaratie-de-confidentialitate-ue\/\" \/>\n<meta property=\"og:locale\" content=\"en_US\" \/>\n<meta property=\"og:type\" content=\"article\" \/>\n<meta property=\"og:title\" content=\"Declara\u021bie de Confiden\u021bialitate (UE)\" \/>\n<meta property=\"og:url\" content=\"https:\/\/quantumintermed.com\/en\/declaratie-de-confidentialitate-ue\/\" \/>\n<meta property=\"og:site_name\" content=\"Quantum Intermed\" \/>\n<meta property=\"article:modified_time\" content=\"2021-12-09T10:16:48+00:00\" \/>\n<meta name=\"twitter:card\" content=\"summary_large_image\" \/>\n<script type=\"application\/ld+json\" class=\"yoast-schema-graph\">{\"@context\":\"https:\/\/schema.org\",\"@graph\":[{\"@type\":\"WebPage\",\"@id\":\"https:\/\/quantumintermed.com\/declaratie-de-confidentialitate-ue\/\",\"url\":\"https:\/\/quantumintermed.com\/declaratie-de-confidentialitate-ue\/\",\"name\":\"Declara\u021bie de Confiden\u021bialitate (UE) - Quantum Intermed\",\"isPartOf\":{\"@id\":\"https:\/\/quantumintermed.com\/#website\"},\"datePublished\":\"2021-12-07T13:17:23+00:00\",\"dateModified\":\"2021-12-09T10:16:48+00:00\",\"breadcrumb\":{\"@id\":\"https:\/\/quantumintermed.com\/declaratie-de-confidentialitate-ue\/#breadcrumb\"},\"inLanguage\":\"en-US\",\"potentialAction\":[{\"@type\":\"ReadAction\",\"target\":[\"https:\/\/quantumintermed.com\/declaratie-de-confidentialitate-ue\/\"]}]},{\"@type\":\"BreadcrumbList\",\"@id\":\"https:\/\/quantumintermed.com\/declaratie-de-confidentialitate-ue\/#breadcrumb\",\"itemListElement\":[{\"@type\":\"ListItem\",\"position\":1,\"name\":\"Prima pagin\u0103\",\"item\":\"https:\/\/quantumintermed.com\/\"},{\"@type\":\"ListItem\",\"position\":2,\"name\":\"Declara\u021bie de Confiden\u021bialitate (UE)\"}]},{\"@type\":\"WebSite\",\"@id\":\"https:\/\/quantumintermed.com\/#website\",\"url\":\"https:\/\/quantumintermed.com\/\",\"name\":\"Quantum Intermed\",\"description\":\"Servicii de Import Scutite de TVA\",\"publisher\":{\"@id\":\"https:\/\/quantumintermed.com\/#organization\"},\"potentialAction\":[{\"@type\":\"SearchAction\",\"target\":{\"@type\":\"EntryPoint\",\"urlTemplate\":\"https:\/\/quantumintermed.com\/?s={search_term_string}\"},\"query-input\":\"required name=search_term_string\"}],\"inLanguage\":\"en-US\"},{\"@type\":\"Organization\",\"@id\":\"https:\/\/quantumintermed.com\/#organization\",\"name\":\"Quantum Intermed\",\"url\":\"https:\/\/quantumintermed.com\/\",\"logo\":{\"@type\":\"ImageObject\",\"inLanguage\":\"en-US\",\"@id\":\"https:\/\/quantumintermed.com\/#\/schema\/logo\/image\/\",\"url\":\"https:\/\/quantumintermed.com\/wp-content\/uploads\/2021\/12\/logo.svg\",\"contentUrl\":\"https:\/\/quantumintermed.com\/wp-content\/uploads\/2021\/12\/logo.svg\",\"width\":479,\"height\":570,\"caption\":\"Quantum Intermed\"},\"image\":{\"@id\":\"https:\/\/quantumintermed.com\/#\/schema\/logo\/image\/\"}}]}<\/script>\n<!-- \/ Yoast SEO Premium plugin. -->","yoast_head_json":{"title":"Declara\u021bie de Confiden\u021bialitate (UE) - Quantum Intermed","robots":{"index":"index","follow":"follow","max-snippet":"max-snippet:-1","max-image-preview":"max-image-preview:large","max-video-preview":"max-video-preview:-1"},"canonical":"https:\/\/quantumintermed.com\/en\/declaratie-de-confidentialitate-ue\/","og_locale":"en_US","og_type":"article","og_title":"Declara\u021bie de Confiden\u021bialitate (UE)","og_url":"https:\/\/quantumintermed.com\/en\/declaratie-de-confidentialitate-ue\/","og_site_name":"Quantum Intermed","article_modified_time":"2021-12-09T10:16:48+00:00","twitter_card":"summary_large_image","schema":{"@context":"https:\/\/schema.org","@graph":[{"@type":"WebPage","@id":"https:\/\/quantumintermed.com\/declaratie-de-confidentialitate-ue\/","url":"https:\/\/quantumintermed.com\/declaratie-de-confidentialitate-ue\/","name":"Declara\u021bie de Confiden\u021bialitate (UE) - Quantum Intermed","isPartOf":{"@id":"https:\/\/quantumintermed.com\/#website"},"datePublished":"2021-12-07T13:17:23+00:00","dateModified":"2021-12-09T10:16:48+00:00","breadcrumb":{"@id":"https:\/\/quantumintermed.com\/declaratie-de-confidentialitate-ue\/#breadcrumb"},"inLanguage":"en-US","potentialAction":[{"@type":"ReadAction","target":["https:\/\/quantumintermed.com\/declaratie-de-confidentialitate-ue\/"]}]},{"@type":"BreadcrumbList","@id":"https:\/\/quantumintermed.com\/declaratie-de-confidentialitate-ue\/#breadcrumb","itemListElement":[{"@type":"ListItem","position":1,"name":"Prima pagin\u0103","item":"https:\/\/quantumintermed.com\/"},{"@type":"ListItem","position":2,"name":"Declara\u021bie de Confiden\u021bialitate (UE)"}]},{"@type":"WebSite","@id":"https:\/\/quantumintermed.com\/#website","url":"https:\/\/quantumintermed.com\/","name":"Quantum Intermed","description":"Servicii de Import Scutite de TVA","publisher":{"@id":"https:\/\/quantumintermed.com\/#organization"},"potentialAction":[{"@type":"SearchAction","target":{"@type":"EntryPoint","urlTemplate":"https:\/\/quantumintermed.com\/?s={search_term_string}"},"query-input":"required name=search_term_string"}],"inLanguage":"en-US"},{"@type":"Organization","@id":"https:\/\/quantumintermed.com\/#organization","name":"Quantum Intermed","url":"https:\/\/quantumintermed.com\/","logo":{"@type":"ImageObject","inLanguage":"en-US","@id":"https:\/\/quantumintermed.com\/#\/schema\/logo\/image\/","url":"https:\/\/quantumintermed.com\/wp-content\/uploads\/2021\/12\/logo.svg","contentUrl":"https:\/\/quantumintermed.com\/wp-content\/uploads\/2021\/12\/logo.svg","width":479,"height":570,"caption":"Quantum Intermed"},"image":{"@id":"https:\/\/quantumintermed.com\/#\/schema\/logo\/image\/"}}]}},"_links":{"self":[{"href":"https:\/\/quantumintermed.com\/en\/wp-json\/wp\/v2\/pages\/3150","targetHints":{"allow":["GET"]}}],"collection":[{"href":"https:\/\/quantumintermed.com\/en\/wp-json\/wp\/v2\/pages"}],"about":[{"href":"https:\/\/quantumintermed.com\/en\/wp-json\/wp\/v2\/types\/page"}],"author":[{"embeddable":true,"href":"https:\/\/quantumintermed.com\/en\/wp-json\/wp\/v2\/users\/1"}],"replies":[{"embeddable":true,"href":"https:\/\/quantumintermed.com\/en\/wp-json\/wp\/v2\/comments?post=3150"}],"version-history":[{"count":1,"href":"https:\/\/quantumintermed.com\/en\/wp-json\/wp\/v2\/pages\/3150\/revisions"}],"predecessor-version":[{"id":3154,"href":"https:\/\/quantumintermed.com\/en\/wp-json\/wp\/v2\/pages\/3150\/revisions\/3154"}],"wp:attachment":[{"href":"https:\/\/quantumintermed.com\/en\/wp-json\/wp\/v2\/media?parent=3150"}],"curies":[{"name":"wp","href":"https:\/\/api.w.org\/{rel}","templated":true}]}}